{"id":8,"date":"2025-12-14T13:26:50","date_gmt":"2025-12-14T12:26:50","guid":{"rendered":"https:\/\/plauen.fau.org\/?page_id=8"},"modified":"2025-12-14T14:18:44","modified_gmt":"2025-12-14T13:18:44","slug":"startseite","status":"publish","type":"page","link":"https:\/\/plauen.fau.org\/","title":{"rendered":"Startseite"},"content":{"rendered":"\r\n<p>Willkommen auf unserer neuen Website! \r\nAktuell bauen wir an unserer Seite. In den n\u00e4chsten Wochen werdet ihr hier Schritt f\u00fcr Schritt Informationen \u00fcber die FAU Plauen finden. Bitte habt noch etwas Geduld!<\/p>\r\n","protected":false},"excerpt":{"rendered":"<p>Willkommen auf unserer neuen Website! Aktuell bauen wir an unserer Seite. In den n\u00e4chsten Wochen werdet ihr hier Schritt f\u00fcr Schritt Informationen \u00fcber die FAU Plauen finden. Bitte habt noch etwas Geduld!<\/p>\n","protected":false},"author":1,"featured_media":0,"parent":0,"menu_order":0,"comment_status":"closed","ping_status":"closed","template":"","meta":{"footnotes":""},"class_list":["post-8","page","type-page","status-publish","hentry"],"_links":{"self":[{"href":"https:\/\/plauen.fau.org\/index.php?rest_route=\/wp\/v2\/pages\/8","targetHints":{"allow":["GET"]}}],"collection":[{"href":"https:\/\/plauen.fau.org\/index.php?rest_route=\/wp\/v2\/pages"}],"about":[{"href":"https:\/\/plauen.fau.org\/index.php?rest_route=\/wp\/v2\/types\/page"}],"author":[{"embeddable":true,"href":"https:\/\/plauen.fau.org\/index.php?rest_route=\/wp\/v2\/users\/1"}],"replies":[{"embeddable":true,"href":"https:\/\/plauen.fau.org\/index.php?rest_route=%2Fwp%2Fv2%2Fcomments&post=8"}],"version-history":[{"count":3,"href":"https:\/\/plauen.fau.org\/index.php?rest_route=\/wp\/v2\/pages\/8\/revisions"}],"predecessor-version":[{"id":45,"href":"https:\/\/plauen.fau.org\/index.php?rest_route=\/wp\/v2\/pages\/8\/revisions\/45"}],"wp:attachment":[{"href":"https:\/\/plauen.fau.org\/index.php?rest_route=%2Fwp%2Fv2%2Fmedia&parent=8"}],"curies":[{"name":"wp","href":"https:\/\/api.w.org\/{rel}","templated":true}]}}